{"id":9,"date":"2014-04-24T20:40:28","date_gmt":"2014-04-24T20:40:28","guid":{"rendered":"http:\/\/ra-kanzlei-tillmann.de\/?page_id=9"},"modified":"2018-08-27T16:14:47","modified_gmt":"2018-08-27T16:14:47","slug":"impressum","status":"publish","type":"page","link":"https:\/\/ra-kanzlei-tillmann.de\/?page_id=9","title":{"rendered":"Impressum"},"content":{"rendered":"<p><strong>IMPRESSUM<\/strong><br \/>\nVerantwortlich f\u00fcr dieses Angebot gem. \u00a7\u00a7 6 TDG, 6 MDStv ist:<\/p>\n<p>Rechtsanw\u00e4ltin<br \/>\nAnja Tillmann<br \/>\nKornkammer 23<br \/>\n71720 Oberstenfeld<\/p>\n<p>Tel. 07062 \/ 91 78 20<br \/>\nFax 07062 \/ 91 63 74<br \/>\nE-Mail: <a href=\"mailto:kontakt@ra-kanzlei-tillmann.de\">kontakt@ra-kanzlei-tillmann.de<\/a><\/p>\n<p>Der Verantwortlichen wurde in der Bundesrepublik Deutschland die gesetzliche Berufsbezeichnung &#8222;Rechtsanw\u00e4ltin&#8220; verliehen und sie ist als Rechtsanw\u00e4ltin in Deutschland zugelassen. Sie ist Mitglied der<\/p>\n<p>Rechtsanwaltskammer Stuttgart<br \/>\nK\u00f6rperschaft des \u00f6ffentlichen Rechts<br \/>\nK\u00f6nigstra\u00dfe 14<br \/>\nD-70173 Stuttgart<br \/>\nTelefon: 07 11 \/ 22 21 55-0<br \/>\nTelefax: 07 11 \/ 22 21 55-11<br \/>\nE-Mail: <a href=\"mailto:info@rak-stuttgart.de\">info@rak-stuttgart.de<\/a>,<\/p>\n<p>Die Rechtsanwaltskammer Stuttgart ist die zust\u00e4ndige Kammer und Aufsichtsbeh\u00f6rde der Verantwortlichen.<\/p>\n<p><strong>Es gelten folgende berufsrechtlichen Regelungen:<\/strong><\/p>\n<ul>\n<li><a href=\"https:\/\/www.rak-stuttgart.de\/rechtsanwaelte-und-kanzleien\/gesetze\/berufsrecht\/\">Berufsordnung f\u00fcr Rechtsanw\u00e4lte BORA<\/a><\/li>\n<li><a href=\"https:\/\/www.rak-stuttgart.de\/rechtsanwaelte-und-kanzleien\/gesetze\/berufsrecht\/\">Fachanwaltsordnung FAO<\/a><\/li>\n<li><a href=\"http:\/\/bundesrecht.juris.de\/brao\/index.html\">Bundesrechtsanwaltsordnung BRAO<\/a><\/li>\n<li><a href=\"http:\/\/bundesrecht.juris.de\/rvg\/index.html\">Rechtsanwaltsverg\u00fctungsgesetz RVG<\/a><\/li>\n<li><a href=\"https:\/\/www.rak-stuttgart.de\/rechtsanwaelte-und-kanzleien\/gesetze\/berufsrecht\/\">Berufsregeln der Rechtsanw\u00e4lte der Europ\u00e4ischen Union CCBE<\/a><\/li>\n<\/ul>\n<p>Die berufsrechtlichen Regelungen k\u00f6nnen \u00fcber die Internetseite der Bundesrechtsanwaltskammer <a href=\"http:\/\/www.brak.de\/\">www.brak.de<\/a> \u00a0eingesehen werden.<\/p>\n<p><u>Berufshaftpflichtversicherung:<br \/>\n<\/u><br \/>\n\u201eRechtsanw\u00e4ltinnen und Rechtsanw\u00e4lte sind aufgrund der Bundesrechtsanwaltsordnung verpflichtet, eine Berufshaftpflichtversicherung mit einer Mindestversicherungssumme von 250.000 Euro zu unterhalten. Die Einzelheiten ergeben sich aus \u00a7 51 BRAO.\u201c<br \/>\nRechtsanw\u00e4ltin Tillmann \u00a0ist wie folgt versichert:<\/p>\n<p>Allianz Versicherungs AG<br \/>\n10900 Berlin<br \/>\nr\u00e4umlicher Geltungsbereich: Gesamtes EU Gebiet<\/p>\n<h6><\/h6>\n<h6>Umsatzsteueridentifikationsnummer:<\/h6>\n<p>DE252861934<\/p>\n<h6>Haftungsausschluss:<\/h6>\n<p>Die Verantwortliche \u00fcbernimmt \u00a0keinerlei Gew\u00e4hr f\u00fcr die Aktualit\u00e4t, Korrektheit, Vollst\u00e4ndigkeit oder Qualit\u00e4t der bereitgestellten Informationen. Die Autorin beh\u00e4lt es sich ausdr\u00fccklich vor, Teile der Seiten oder das gesamte Angebot ohne gesonderte Ank\u00fcndigung zu ver\u00e4ndern, zu erg\u00e4nzen, zu l\u00f6schen oder die Ver\u00f6ffentlichung zeitweise oder endg\u00fcltig einzustellen.<\/p>\n<p>Die Verantwortliche distanziert sich ausdr\u00fccklich von allen Inhalten aller gelinkten Seiten auf dieser Webseite und macht sich diese Inhalte nicht zu eigen. Diese Erkl\u00e4rung gilt f\u00fcr alle auf dieser Webseite angebrachten Links. F\u00fcr die Inhalte der mit dieser Homepage verlinkten Webseiten wird keinerlei Verantwortung \u00fcbernommen. F\u00fcr den Inhalt sind ausschlie\u00dflich die betreffenden Betreiber bzw. Autoren verantwortlich. Rechtswidrige Inhalte sind nicht bekannt. Falls Sie einen solchen Link finden, bitte ich um eine kurze Benachrichtigung, damit die Verlinkung entfernt werden kann. Die Verantwortliche \u00fcbernehme keine Haftung f\u00fcr die Erf\u00fcllung von Urheberrechtsbestimmungen auf einer von mir verlinkten Seite und auch keinerlei Verantwortung f\u00fcr weitere dort gesetzte Links.<\/p>\n<p>Alle in den Texten genannten oder abgebildeten Warenzeichen sind Warenzeichen der jeweiligen Inhaber und sind gesetzlich gesch\u00fctzt!<\/p>\n<p>&nbsp;<\/p>\n","protected":false},"excerpt":{"rendered":"<p>IMPRESSUM Verantwortlich f\u00fcr dieses Angebot gem. \u00a7\u00a7 6 TDG, 6 MDStv ist: Rechtsanw\u00e4ltin Anja Tillmann Kornkammer 23 71720 Oberstenfeld Tel. 07062 \/ 91 78 20 Fax 07062 \/ 91 63 74 E-Mail: kontakt@ra-kanzlei-tillmann.de Der Verantwortlichen wurde in der Bundesrepublik Deutschland die gesetzliche Berufsbezeichnung &#8222;Rechtsanw\u00e4ltin&#8220; verliehen und sie ist als Rechtsanw\u00e4ltin in Deutschland zugelassen. Sie ist [&hellip;]<\/p>\n","protected":false},"author":1,"featured_media":0,"parent":0,"menu_order":0,"comment_status":"closed","ping_status":"closed","template":"","meta":[],"_links":{"self":[{"href":"https:\/\/ra-kanzlei-tillmann.de\/index.php?rest_route=\/wp\/v2\/pages\/9"}],"collection":[{"href":"https:\/\/ra-kanzlei-tillmann.de\/index.php?rest_route=\/wp\/v2\/pages"}],"about":[{"href":"https:\/\/ra-kanzlei-tillmann.de\/index.php?rest_route=\/wp\/v2\/types\/page"}],"author":[{"embeddable":true,"href":"https:\/\/ra-kanzlei-tillmann.de\/index.php?rest_route=\/wp\/v2\/users\/1"}],"replies":[{"embeddable":true,"href":"https:\/\/ra-kanzlei-tillmann.de\/index.php?rest_route=%2Fwp%2Fv2%2Fcomments&post=9"}],"version-history":[{"count":10,"href":"https:\/\/ra-kanzlei-tillmann.de\/index.php?rest_route=\/wp\/v2\/pages\/9\/revisions"}],"predecessor-version":[{"id":261,"href":"https:\/\/ra-kanzlei-tillmann.de\/index.php?rest_route=\/wp\/v2\/pages\/9\/revisions\/261"}],"wp:attachment":[{"href":"https:\/\/ra-kanzlei-tillmann.de\/index.php?rest_route=%2Fwp%2Fv2%2Fmedia&parent=9"}],"curies":[{"name":"wp","href":"https:\/\/api.w.org\/{rel}","templated":true}]}}