{"id":81,"date":"2014-07-20T20:26:41","date_gmt":"2014-07-20T20:26:41","guid":{"rendered":"http:\/\/ra-kanzlei-tillmann.de\/?page_id=81"},"modified":"2014-07-20T20:35:28","modified_gmt":"2014-07-20T20:35:28","slug":"kommunikation-mit-der-rechtsschutzversicherung","status":"publish","type":"page","link":"https:\/\/ra-kanzlei-tillmann.de\/?page_id=81","title":{"rendered":"Kommunikation mit der Rechtsschutzversicherung"},"content":{"rendered":"<p>Auf Ihren Wunsch hin \u00fcbernehme ich die gesamte Kommunikation mit Ihrer Rechtsschutzversicherung. Hierzu ben\u00f6tige ich lediglich Ihre Versicherungsscheinnummer mit Namen und aktueller Anschrift.<\/p>\n<p>Unter Schilderung der Sach- und Rechtslage frage ich bei Ihrer Versicherung an, ob dieser eine Deckungszusage f\u00fcr den betreffenden Rechtsstreit erteilt.<br \/>\nBei positiver Best\u00e4tigung unterrichte ich die Versicherung \u00fcber den Lauf des Verfahrens und kl\u00e4re gegebenenfalls die \u00dcbernahme kostenausl\u00f6sender Ma\u00dfnahmen ab und stelle nach Beendigung des Rechtsstreites meine Kostennote direkt an die Versicherung.<\/p>\n<p>Bei berechtigter Ablehnung der Deckung seitens der Rechtsschutzversicherung muss ich mich in Bezug auf die Begleichung meiner Kostennote direkt an Sie wenden \u2013 Sie als meinen Vertragspartner.<\/p>\n<p>Um unangenehme \u00dcberraschungen zu vermeiden, biete ich Ihnen auf Ihren ausdr\u00fccklichen Wunsch hin an, erst kostenausl\u00f6send t\u00e4tig zu werden, nachdem die Rechtsschutzversicherung die Kostendeckung erteilt hat.<\/p>\n","protected":false},"excerpt":{"rendered":"<p>Auf Ihren Wunsch hin \u00fcbernehme ich die gesamte Kommunikation mit Ihrer Rechtsschutzversicherung. Hierzu ben\u00f6tige ich lediglich Ihre Versicherungsscheinnummer mit Namen und aktueller Anschrift. Unter Schilderung der Sach- und Rechtslage frage ich bei Ihrer Versicherung an, ob dieser eine Deckungszusage f\u00fcr den betreffenden Rechtsstreit erteilt. Bei positiver Best\u00e4tigung unterrichte ich die Versicherung \u00fcber den Lauf des [&hellip;]<\/p>\n","protected":false},"author":1,"featured_media":0,"parent":0,"menu_order":0,"comment_status":"closed","ping_status":"closed","template":"","meta":[],"_links":{"self":[{"href":"https:\/\/ra-kanzlei-tillmann.de\/index.php?rest_route=\/wp\/v2\/pages\/81"}],"collection":[{"href":"https:\/\/ra-kanzlei-tillmann.de\/index.php?rest_route=\/wp\/v2\/pages"}],"about":[{"href":"https:\/\/ra-kanzlei-tillmann.de\/index.php?rest_route=\/wp\/v2\/types\/page"}],"author":[{"embeddable":true,"href":"https:\/\/ra-kanzlei-tillmann.de\/index.php?rest_route=\/wp\/v2\/users\/1"}],"replies":[{"embeddable":true,"href":"https:\/\/ra-kanzlei-tillmann.de\/index.php?rest_route=%2Fwp%2Fv2%2Fcomments&post=81"}],"version-history":[{"count":1,"href":"https:\/\/ra-kanzlei-tillmann.de\/index.php?rest_route=\/wp\/v2\/pages\/81\/revisions"}],"predecessor-version":[{"id":82,"href":"https:\/\/ra-kanzlei-tillmann.de\/index.php?rest_route=\/wp\/v2\/pages\/81\/revisions\/82"}],"wp:attachment":[{"href":"https:\/\/ra-kanzlei-tillmann.de\/index.php?rest_route=%2Fwp%2Fv2%2Fmedia&parent=81"}],"curies":[{"name":"wp","href":"https:\/\/api.w.org\/{rel}","templated":true}]}}