{"id":78,"date":"2014-07-20T20:25:26","date_gmt":"2014-07-20T20:25:26","guid":{"rendered":"http:\/\/ra-kanzlei-tillmann.de\/?page_id=78"},"modified":"2014-07-20T20:35:00","modified_gmt":"2014-07-20T20:35:00","slug":"beratungshilfe-prozesskostenhilfe","status":"publish","type":"page","link":"https:\/\/ra-kanzlei-tillmann.de\/?page_id=78","title":{"rendered":"Beratungshilfe \/ Proze\u00dfkostenhilfe"},"content":{"rendered":"<p>Sie verf\u00fcgen weder \u00fcber eine Rechtsschutzversicherung, noch haben Sie die finanziellen Mittel, einen Anwalt zu beauftragen???<br \/>\nIn diesem Fall biete ich Ihnen an, zusammen mit Ihnen einen Antrag auf Beratungshilfe oder Prozesskostenhilfe auszuf\u00fcllen, welchen ich dann direkt mit den gesamten notwendigen Nachweisen an das zust\u00e4ndige Amtsgericht sende. Sollte das Gericht die \u00dcbernahme meiner Kosten berechtigt ablehnen, muss ich mich allerdings an Sie als mein Vertragspartner halten.<\/p>\n","protected":false},"excerpt":{"rendered":"<p>Sie verf\u00fcgen weder \u00fcber eine Rechtsschutzversicherung, noch haben Sie die finanziellen Mittel, einen Anwalt zu beauftragen??? In diesem Fall biete ich Ihnen an, zusammen mit Ihnen einen Antrag auf Beratungshilfe oder Prozesskostenhilfe auszuf\u00fcllen, welchen ich dann direkt mit den gesamten notwendigen Nachweisen an das zust\u00e4ndige Amtsgericht sende. Sollte das Gericht die \u00dcbernahme meiner Kosten berechtigt [&hellip;]<\/p>\n","protected":false},"author":1,"featured_media":0,"parent":0,"menu_order":0,"comment_status":"closed","ping_status":"closed","template":"","meta":[],"_links":{"self":[{"href":"https:\/\/ra-kanzlei-tillmann.de\/index.php?rest_route=\/wp\/v2\/pages\/78"}],"collection":[{"href":"https:\/\/ra-kanzlei-tillmann.de\/index.php?rest_route=\/wp\/v2\/pages"}],"about":[{"href":"https:\/\/ra-kanzlei-tillmann.de\/index.php?rest_route=\/wp\/v2\/types\/page"}],"author":[{"embeddable":true,"href":"https:\/\/ra-kanzlei-tillmann.de\/index.php?rest_route=\/wp\/v2\/users\/1"}],"replies":[{"embeddable":true,"href":"https:\/\/ra-kanzlei-tillmann.de\/index.php?rest_route=%2Fwp%2Fv2%2Fcomments&post=78"}],"version-history":[{"count":1,"href":"https:\/\/ra-kanzlei-tillmann.de\/index.php?rest_route=\/wp\/v2\/pages\/78\/revisions"}],"predecessor-version":[{"id":79,"href":"https:\/\/ra-kanzlei-tillmann.de\/index.php?rest_route=\/wp\/v2\/pages\/78\/revisions\/79"}],"wp:attachment":[{"href":"https:\/\/ra-kanzlei-tillmann.de\/index.php?rest_route=%2Fwp%2Fv2%2Fmedia&parent=78"}],"curies":[{"name":"wp","href":"https:\/\/api.w.org\/{rel}","templated":true}]}}