{"id":75,"date":"2014-07-20T20:24:28","date_gmt":"2014-07-20T20:24:28","guid":{"rendered":"http:\/\/ra-kanzlei-tillmann.de\/?page_id=75"},"modified":"2014-07-20T20:35:10","modified_gmt":"2014-07-20T20:35:10","slug":"homeservice","status":"publish","type":"page","link":"https:\/\/ra-kanzlei-tillmann.de\/?page_id=75","title":{"rendered":"Homeservice"},"content":{"rendered":"<p>Sie sind<\/p>\n<p>&#8211; aufgrund des Alters, oder einer Krankheit nicht gut zu Fu\u00df,<br \/>\n&#8211; Sie haben kleine Kinder zu betreuen,<br \/>\n&#8211; oder k\u00f6nnen aus anderen Gr\u00fcnden das Haus sehr schlecht verlassen???<\/p>\n<p>In diesen Ausnahmef\u00e4llen komme ich auch gern nach vorheriger Absprache zu Ihnen nach Hause.<\/p>\n","protected":false},"excerpt":{"rendered":"<p>Sie sind &#8211; aufgrund des Alters, oder einer Krankheit nicht gut zu Fu\u00df, &#8211; Sie haben kleine Kinder zu betreuen, &#8211; oder k\u00f6nnen aus anderen Gr\u00fcnden das Haus sehr schlecht verlassen??? In diesen Ausnahmef\u00e4llen komme ich auch gern nach vorheriger Absprache zu Ihnen nach Hause.<\/p>\n","protected":false},"author":1,"featured_media":0,"parent":0,"menu_order":0,"comment_status":"closed","ping_status":"closed","template":"","meta":[],"_links":{"self":[{"href":"https:\/\/ra-kanzlei-tillmann.de\/index.php?rest_route=\/wp\/v2\/pages\/75"}],"collection":[{"href":"https:\/\/ra-kanzlei-tillmann.de\/index.php?rest_route=\/wp\/v2\/pages"}],"about":[{"href":"https:\/\/ra-kanzlei-tillmann.de\/index.php?rest_route=\/wp\/v2\/types\/page"}],"author":[{"embeddable":true,"href":"https:\/\/ra-kanzlei-tillmann.de\/index.php?rest_route=\/wp\/v2\/users\/1"}],"replies":[{"embeddable":true,"href":"https:\/\/ra-kanzlei-tillmann.de\/index.php?rest_route=%2Fwp%2Fv2%2Fcomments&post=75"}],"version-history":[{"count":1,"href":"https:\/\/ra-kanzlei-tillmann.de\/index.php?rest_route=\/wp\/v2\/pages\/75\/revisions"}],"predecessor-version":[{"id":76,"href":"https:\/\/ra-kanzlei-tillmann.de\/index.php?rest_route=\/wp\/v2\/pages\/75\/revisions\/76"}],"wp:attachment":[{"href":"https:\/\/ra-kanzlei-tillmann.de\/index.php?rest_route=%2Fwp%2Fv2%2Fmedia&parent=75"}],"curies":[{"name":"wp","href":"https:\/\/api.w.org\/{rel}","templated":true}]}}