{"id":67,"date":"2014-07-20T20:17:27","date_gmt":"2014-07-20T20:17:27","guid":{"rendered":"http:\/\/ra-kanzlei-tillmann.de\/?page_id=67"},"modified":"2017-08-20T11:40:39","modified_gmt":"2017-08-20T11:40:39","slug":"verkehrsrecht","status":"publish","type":"page","link":"https:\/\/ra-kanzlei-tillmann.de\/?page_id=67","title":{"rendered":"Verkehrsrecht"},"content":{"rendered":"<p><strong>Was tun wenn es gekracht hat?<\/strong><\/p>\n<p>Grade in diesem Bereich kommt es immer wieder zu Fehleinsch\u00e4tzungen wie z. Bsp.:<\/p>\n<ul>\n<li>Polizei ist nur bei Personensch\u00e4den hinzuzurufen<br \/>\n<strong>&#8211;&gt; FALSCH!<\/strong> Auch ohne Personensch\u00e4den ist die Hinzuziehung der Polizei zur korrekten Einsch\u00e4tzung der Lage und Beweissicherung empfehlenswert.<\/li>\n<\/ul>\n<ul>\n<li>Die Durchsetzung der Anspr\u00fcche ist immer mit hohen Kosten verbunden<br \/>\n<strong>&#8211;&gt; FALSCH!<\/strong> Bei einem unverschuldeten Verkehrsunfall werden die Kosten durch die gegenerische Haftpflichtversicherung \u00fcbernommen<\/li>\n<\/ul>\n<p>Viele vergessen bei einem Unfall, dass nicht nur der direkte Schaden reguliert werden muss. Es stehen ihnen dar\u00fcberhinaus auch weitere Regulierungsanspr\u00fcche zu, an welche der normale B\u00fcrger oft nicht denkt. Hierunter z\u00e4hlen beispielsweise ein Schmerzensgeld, Auslagenpauschale, Nutzungsentsch\u00e4digung<\/p>\n<p><strong>Res\u00fcmee:<\/strong> Fr\u00fchzeitig anwaltliche Hilfe in Anspruch nehmen, um Ihre Anspr\u00fcche pr\u00fcfen und bestm\u00f6glich durchsetzen zu k\u00f6nnen.<\/p>\n<p><a href=\"http:\/\/ra-kanzlei-tillmann.de\/?page_id=63\">zur\u00fcck<\/a><\/p>\n","protected":false},"excerpt":{"rendered":"<p>Was tun wenn es gekracht hat? Grade in diesem Bereich kommt es immer wieder zu Fehleinsch\u00e4tzungen wie z. Bsp.: Polizei ist nur bei Personensch\u00e4den hinzuzurufen &#8211;&gt; FALSCH! Auch ohne Personensch\u00e4den ist die Hinzuziehung der Polizei zur korrekten Einsch\u00e4tzung der Lage und Beweissicherung empfehlenswert. Die Durchsetzung der Anspr\u00fcche ist immer mit hohen Kosten verbunden &#8211;&gt; FALSCH! [&hellip;]<\/p>\n","protected":false},"author":1,"featured_media":0,"parent":0,"menu_order":0,"comment_status":"closed","ping_status":"closed","template":"","meta":[],"_links":{"self":[{"href":"https:\/\/ra-kanzlei-tillmann.de\/index.php?rest_route=\/wp\/v2\/pages\/67"}],"collection":[{"href":"https:\/\/ra-kanzlei-tillmann.de\/index.php?rest_route=\/wp\/v2\/pages"}],"about":[{"href":"https:\/\/ra-kanzlei-tillmann.de\/index.php?rest_route=\/wp\/v2\/types\/page"}],"author":[{"embeddable":true,"href":"https:\/\/ra-kanzlei-tillmann.de\/index.php?rest_route=\/wp\/v2\/users\/1"}],"replies":[{"embeddable":true,"href":"https:\/\/ra-kanzlei-tillmann.de\/index.php?rest_route=%2Fwp%2Fv2%2Fcomments&post=67"}],"version-history":[{"count":4,"href":"https:\/\/ra-kanzlei-tillmann.de\/index.php?rest_route=\/wp\/v2\/pages\/67\/revisions"}],"predecessor-version":[{"id":240,"href":"https:\/\/ra-kanzlei-tillmann.de\/index.php?rest_route=\/wp\/v2\/pages\/67\/revisions\/240"}],"wp:attachment":[{"href":"https:\/\/ra-kanzlei-tillmann.de\/index.php?rest_route=%2Fwp%2Fv2%2Fmedia&parent=67"}],"curies":[{"name":"wp","href":"https:\/\/api.w.org\/{rel}","templated":true}]}}