{"id":63,"date":"2014-07-20T20:02:26","date_gmt":"2014-07-20T20:02:26","guid":{"rendered":"http:\/\/ra-kanzlei-tillmann.de\/?page_id=63"},"modified":"2017-08-20T11:34:45","modified_gmt":"2017-08-20T11:34:45","slug":"rechtsgebiete","status":"publish","type":"page","link":"https:\/\/ra-kanzlei-tillmann.de\/?page_id=63","title":{"rendered":"Rechtsgebiete"},"content":{"rendered":"<p>Die Kanzlei bietet eine kompetente Rechtsberatung in allen Bereichen, die in ihrem t\u00e4glichen Leben relevant werden k\u00f6nnen.<\/p>\n<p>Insbesondere bin ich in den folgenden Rechtsfeldern t\u00e4tig:<\/p>\n<ul>\n<li><a href=\"http:\/\/ra-kanzlei-tillmann.de\/?page_id=125\">Allgemeines Vertragsrecht (Kaufvertrag, Werkvertrag,&#8230;)<\/a><\/li>\n<li><a href=\"http:\/\/ra-kanzlei-tillmann.de\/?page_id=127\">Beitreibung von Geldforderungen (Inkasso)<\/a><\/li>\n<li><a href=\"http:\/\/ra-kanzlei-tillmann.de\/?page_id=129\">Mietrecht<\/a><\/li>\n<li><a href=\"http:\/\/ra-kanzlei-tillmann.de\/?page_id=122\">Arbeitsrecht<\/a><\/li>\n<li><a href=\"http:\/\/ra-kanzlei-tillmann.de\/?page_id=65\">Familienrecht<\/a><\/li>\n<li><a href=\"http:\/\/ra-kanzlei-tillmann.de\/?page_id=67\">Strassenverkehrsrecht (Unfallregulierung \/ Bussgelder)<\/a><\/li>\n<\/ul>\n","protected":false},"excerpt":{"rendered":"<p>Die Kanzlei bietet eine kompetente Rechtsberatung in allen Bereichen, die in ihrem t\u00e4glichen Leben relevant werden k\u00f6nnen. Insbesondere bin ich in den folgenden Rechtsfeldern t\u00e4tig: Allgemeines Vertragsrecht (Kaufvertrag, Werkvertrag,&#8230;) Beitreibung von Geldforderungen (Inkasso) Mietrecht Arbeitsrecht Familienrecht Strassenverkehrsrecht (Unfallregulierung \/ Bussgelder)<\/p>\n","protected":false},"author":1,"featured_media":0,"parent":0,"menu_order":0,"comment_status":"closed","ping_status":"closed","template":"","meta":[],"_links":{"self":[{"href":"https:\/\/ra-kanzlei-tillmann.de\/index.php?rest_route=\/wp\/v2\/pages\/63"}],"collection":[{"href":"https:\/\/ra-kanzlei-tillmann.de\/index.php?rest_route=\/wp\/v2\/pages"}],"about":[{"href":"https:\/\/ra-kanzlei-tillmann.de\/index.php?rest_route=\/wp\/v2\/types\/page"}],"author":[{"embeddable":true,"href":"https:\/\/ra-kanzlei-tillmann.de\/index.php?rest_route=\/wp\/v2\/users\/1"}],"replies":[{"embeddable":true,"href":"https:\/\/ra-kanzlei-tillmann.de\/index.php?rest_route=%2Fwp%2Fv2%2Fcomments&post=63"}],"version-history":[{"count":6,"href":"https:\/\/ra-kanzlei-tillmann.de\/index.php?rest_route=\/wp\/v2\/pages\/63\/revisions"}],"predecessor-version":[{"id":237,"href":"https:\/\/ra-kanzlei-tillmann.de\/index.php?rest_route=\/wp\/v2\/pages\/63\/revisions\/237"}],"wp:attachment":[{"href":"https:\/\/ra-kanzlei-tillmann.de\/index.php?rest_route=%2Fwp%2Fv2%2Fmedia&parent=63"}],"curies":[{"name":"wp","href":"https:\/\/api.w.org\/{rel}","templated":true}]}}