{"id":60,"date":"2014-07-20T19:57:48","date_gmt":"2014-07-20T19:57:48","guid":{"rendered":"http:\/\/ra-kanzlei-tillmann.de\/?page_id=60"},"modified":"2017-08-22T19:27:53","modified_gmt":"2017-08-22T19:27:53","slug":"anwaeltin","status":"publish","type":"page","link":"https:\/\/ra-kanzlei-tillmann.de\/?page_id=60","title":{"rendered":"Anw\u00e4ltin"},"content":{"rendered":"<p><img decoding=\"async\" loading=\"lazy\" class=\"wp-image-233 size-medium alignleft\" src=\"http:\/\/ra-kanzlei-tillmann.de\/wp-content\/uploads\/2017\/08\/Tillmann160976-03-201x300.jpg\" alt=\"\" width=\"201\" height=\"300\" srcset=\"https:\/\/ra-kanzlei-tillmann.de\/wp-content\/uploads\/2017\/08\/Tillmann160976-03-201x300.jpg 201w, https:\/\/ra-kanzlei-tillmann.de\/wp-content\/uploads\/2017\/08\/Tillmann160976-03-768x1144.jpg 768w, https:\/\/ra-kanzlei-tillmann.de\/wp-content\/uploads\/2017\/08\/Tillmann160976-03-687x1024.jpg 687w, https:\/\/ra-kanzlei-tillmann.de\/wp-content\/uploads\/2017\/08\/Tillmann160976-03-624x930.jpg 624w, https:\/\/ra-kanzlei-tillmann.de\/wp-content\/uploads\/2017\/08\/Tillmann160976-03.jpg 2008w\" sizes=\"(max-width: 201px) 100vw, 201px\" \/><\/p>\n<p>&nbsp;<\/p>\n<p>Studium der Rechtswissenschaften in Augsburg und T\u00fcbingen<\/p>\n<p>Referendariat am Landgericht in Stuttgart<\/p>\n<p>Seit 2007 t\u00e4tig als Rechtsanw\u00e4ltin in Oberstenfeld<\/p>\n<p>Mitglied im Deutschen Anwaltsverein<\/p>\n<p>Mitglied im Bund der Selbstst\u00e4ndigen Oberstenfeld<\/p>\n","protected":false},"excerpt":{"rendered":"<p>&nbsp; Studium der Rechtswissenschaften in Augsburg und T\u00fcbingen Referendariat am Landgericht in Stuttgart Seit 2007 t\u00e4tig als Rechtsanw\u00e4ltin in Oberstenfeld Mitglied im Deutschen Anwaltsverein Mitglied im Bund der Selbstst\u00e4ndigen Oberstenfeld<\/p>\n","protected":false},"author":1,"featured_media":0,"parent":0,"menu_order":0,"comment_status":"closed","ping_status":"closed","template":"","meta":[],"_links":{"self":[{"href":"https:\/\/ra-kanzlei-tillmann.de\/index.php?rest_route=\/wp\/v2\/pages\/60"}],"collection":[{"href":"https:\/\/ra-kanzlei-tillmann.de\/index.php?rest_route=\/wp\/v2\/pages"}],"about":[{"href":"https:\/\/ra-kanzlei-tillmann.de\/index.php?rest_route=\/wp\/v2\/types\/page"}],"author":[{"embeddable":true,"href":"https:\/\/ra-kanzlei-tillmann.de\/index.php?rest_route=\/wp\/v2\/users\/1"}],"replies":[{"embeddable":true,"href":"https:\/\/ra-kanzlei-tillmann.de\/index.php?rest_route=%2Fwp%2Fv2%2Fcomments&post=60"}],"version-history":[{"count":13,"href":"https:\/\/ra-kanzlei-tillmann.de\/index.php?rest_route=\/wp\/v2\/pages\/60\/revisions"}],"predecessor-version":[{"id":246,"href":"https:\/\/ra-kanzlei-tillmann.de\/index.php?rest_route=\/wp\/v2\/pages\/60\/revisions\/246"}],"wp:attachment":[{"href":"https:\/\/ra-kanzlei-tillmann.de\/index.php?rest_route=%2Fwp%2Fv2%2Fmedia&parent=60"}],"curies":[{"name":"wp","href":"https:\/\/api.w.org\/{rel}","templated":true}]}}