{"id":39,"date":"2014-04-28T21:52:08","date_gmt":"2014-04-28T21:52:08","guid":{"rendered":"http:\/\/ra-kanzlei-tillmann.de\/?page_id=39"},"modified":"2014-04-28T21:58:37","modified_gmt":"2014-04-28T21:58:37","slug":"ziel-der-kanzlei","status":"publish","type":"page","link":"https:\/\/ra-kanzlei-tillmann.de\/?page_id=39","title":{"rendered":"Ziel der Kanzlei"},"content":{"rendered":"<p><strong>Pers\u00f6nliche Betreuung steht f\u00fcr mich im Mittelpunkt:<\/strong><\/p>\n<p>Meine Mandanten k\u00f6nnen sich darauf verlassen, dass ich ihre Anliegen mit gro\u00dfem Engagement selbst wahrnehme.<\/p>\n<p>Mein Ziel ist eine zeitnahe und effektive L\u00f6sung der Probleme meiner Mandanten zu erzielen. Dabei stehen die Mandanten nicht au\u00dfen vor, sondern ich arbeite mit den Mandanten anhand ihrer Zielvorstellungen<\/p>\n<ul>\n<li>Schadensvorbeugung<\/li>\n<li>Streitvermeidung<\/li>\n<li>Schlichtung<\/li>\n<li>Hilfe \/ Beistand<\/li>\n<li>Verteidigung<\/li>\n<li>Risikobewertung<\/li>\n<li>Anspruchabwehr<\/li>\n<li>Durchsetzung seiner Anspr\u00fcche<\/li>\n<\/ul>\n<p>zusammen.<\/p>\n<p style=\"text-align: center;\">\n<span style=\"color: #ff0000;\">Die jeweilige Zielvorgabe und das Mandat werde ich als Ihre Anw\u00e4ltin stets<\/span><br \/>\n<span style=\"color: #ff0000;\"> konsequent vertreten!<\/span><\/p>\n","protected":false},"excerpt":{"rendered":"<p>Pers\u00f6nliche Betreuung steht f\u00fcr mich im Mittelpunkt: Meine Mandanten k\u00f6nnen sich darauf verlassen, dass ich ihre Anliegen mit gro\u00dfem Engagement selbst wahrnehme. Mein Ziel ist eine zeitnahe und effektive L\u00f6sung der Probleme meiner Mandanten zu erzielen. Dabei stehen die Mandanten nicht au\u00dfen vor, sondern ich arbeite mit den Mandanten anhand ihrer Zielvorstellungen Schadensvorbeugung Streitvermeidung Schlichtung [&hellip;]<\/p>\n","protected":false},"author":1,"featured_media":0,"parent":0,"menu_order":0,"comment_status":"closed","ping_status":"closed","template":"","meta":[],"_links":{"self":[{"href":"https:\/\/ra-kanzlei-tillmann.de\/index.php?rest_route=\/wp\/v2\/pages\/39"}],"collection":[{"href":"https:\/\/ra-kanzlei-tillmann.de\/index.php?rest_route=\/wp\/v2\/pages"}],"about":[{"href":"https:\/\/ra-kanzlei-tillmann.de\/index.php?rest_route=\/wp\/v2\/types\/page"}],"author":[{"embeddable":true,"href":"https:\/\/ra-kanzlei-tillmann.de\/index.php?rest_route=\/wp\/v2\/users\/1"}],"replies":[{"embeddable":true,"href":"https:\/\/ra-kanzlei-tillmann.de\/index.php?rest_route=%2Fwp%2Fv2%2Fcomments&post=39"}],"version-history":[{"count":1,"href":"https:\/\/ra-kanzlei-tillmann.de\/index.php?rest_route=\/wp\/v2\/pages\/39\/revisions"}],"predecessor-version":[{"id":40,"href":"https:\/\/ra-kanzlei-tillmann.de\/index.php?rest_route=\/wp\/v2\/pages\/39\/revisions\/40"}],"wp:attachment":[{"href":"https:\/\/ra-kanzlei-tillmann.de\/index.php?rest_route=%2Fwp%2Fv2%2Fmedia&parent=39"}],"curies":[{"name":"wp","href":"https:\/\/api.w.org\/{rel}","templated":true}]}}