{"id":185,"date":"2017-08-18T15:39:40","date_gmt":"2017-08-18T15:39:40","guid":{"rendered":"http:\/\/ra-kanzlei-tillmann.de\/?page_id=185"},"modified":"2017-08-19T11:36:46","modified_gmt":"2017-08-19T11:36:46","slug":"service","status":"publish","type":"page","link":"https:\/\/ra-kanzlei-tillmann.de\/?page_id=185","title":{"rendered":"Service"},"content":{"rendered":"<p><strong>Rechtsschutzservice<\/strong><\/p>\n<p>Sie haben ein Rechtsproblem und wissen nicht, ob Ihre Rechtschutzversicherung die Kosten des Rechtsanwaltes f\u00fcr eine Beratung, au\u00dfergerichtliche oder gerichtliche Vertretung \u00fcbernimmt?<br \/>\n\u2026 gern erledige ich die Deckungsanfrage gegen\u00fcber Ihrer Rechtsschutzversicherung f\u00fcr Sie.<\/p>\n<p><strong>Feierabendservice<\/strong><\/p>\n<p>Wer kennt das Problem nicht \u2013 Feierabend und schnell noch was erledigen? Fast aussichtslos, denn die meisten B\u00fcros und Beh\u00f6rden arbeiten bis max. 17:00 Uhr.<br \/>\n\u2026 nicht bei mir \u2013 bei vorheriger Vereinbarung erhalten Sie Gespr\u00e4chstermine bis 20:00 Uhr<\/p>\n<p><strong>Home-Service<\/strong><\/p>\n<p>Sie sind verletzt, haben med. Beeintr\u00e4chtigungen oder haben kleine Kinder und k\u00f6nnen nicht direkt in die Kanzlei kommen?<br \/>\n\u2026 kein Problem \u2013 nach vorheriger Absprache komme ich gern direkt zu Ihnen f\u00fcr ein Gespr\u00e4chstermin nach Hause.<\/p>\n","protected":false},"excerpt":{"rendered":"<p>Rechtsschutzservice Sie haben ein Rechtsproblem und wissen nicht, ob Ihre Rechtschutzversicherung die Kosten des Rechtsanwaltes f\u00fcr eine Beratung, au\u00dfergerichtliche oder gerichtliche Vertretung \u00fcbernimmt? \u2026 gern erledige ich die Deckungsanfrage gegen\u00fcber Ihrer Rechtsschutzversicherung f\u00fcr Sie. Feierabendservice Wer kennt das Problem nicht \u2013 Feierabend und schnell noch was erledigen? Fast aussichtslos, denn die meisten B\u00fcros und Beh\u00f6rden [&hellip;]<\/p>\n","protected":false},"author":3,"featured_media":0,"parent":0,"menu_order":0,"comment_status":"closed","ping_status":"closed","template":"","meta":[],"_links":{"self":[{"href":"https:\/\/ra-kanzlei-tillmann.de\/index.php?rest_route=\/wp\/v2\/pages\/185"}],"collection":[{"href":"https:\/\/ra-kanzlei-tillmann.de\/index.php?rest_route=\/wp\/v2\/pages"}],"about":[{"href":"https:\/\/ra-kanzlei-tillmann.de\/index.php?rest_route=\/wp\/v2\/types\/page"}],"author":[{"embeddable":true,"href":"https:\/\/ra-kanzlei-tillmann.de\/index.php?rest_route=\/wp\/v2\/users\/3"}],"replies":[{"embeddable":true,"href":"https:\/\/ra-kanzlei-tillmann.de\/index.php?rest_route=%2Fwp%2Fv2%2Fcomments&post=185"}],"version-history":[{"count":3,"href":"https:\/\/ra-kanzlei-tillmann.de\/index.php?rest_route=\/wp\/v2\/pages\/185\/revisions"}],"predecessor-version":[{"id":223,"href":"https:\/\/ra-kanzlei-tillmann.de\/index.php?rest_route=\/wp\/v2\/pages\/185\/revisions\/223"}],"wp:attachment":[{"href":"https:\/\/ra-kanzlei-tillmann.de\/index.php?rest_route=%2Fwp%2Fv2%2Fmedia&parent=185"}],"curies":[{"name":"wp","href":"https:\/\/api.w.org\/{rel}","templated":true}]}}