{"id":129,"date":"2017-08-15T17:39:13","date_gmt":"2017-08-15T17:39:13","guid":{"rendered":"http:\/\/ra-kanzlei-tillmann.de\/?page_id=129"},"modified":"2017-08-22T19:19:39","modified_gmt":"2017-08-22T19:19:39","slug":"mietrecht","status":"publish","type":"page","link":"https:\/\/ra-kanzlei-tillmann.de\/?page_id=129","title":{"rendered":"Mietrecht"},"content":{"rendered":"<ul>\n<li>Sie haben \u00c4rger mit Ihrem Mieter oder Vermieter<\/li>\n<li>Sie wissen nicht, ob, wie und zu welchem Zeitpunkt Sie k\u00fcndigen k\u00f6nnen<\/li>\n<li>Sie m\u00f6chten Schadensersatzanspr\u00fcche durchsetzen<\/li>\n<li>Sie m\u00f6chten Mietausf\u00e4lle geltend machen<\/li>\n<\/ul>\n<p>Dann z\u00f6gern Sie nicht und vereinbaren Sie noch heute einen Termin mit der Kanzlei, um keine Zeit zu verlieren oder Fristen verstreichen zu lassen.<\/p>\n<p>&nbsp;<\/p>\n<p><a href=\"http:\/\/ra-kanzlei-tillmann.de\/?page_id=63\">zur\u00fcck<\/a><\/p>\n","protected":false},"excerpt":{"rendered":"<p>Sie haben \u00c4rger mit Ihrem Mieter oder Vermieter Sie wissen nicht, ob, wie und zu welchem Zeitpunkt Sie k\u00fcndigen k\u00f6nnen Sie m\u00f6chten Schadensersatzanspr\u00fcche durchsetzen Sie m\u00f6chten Mietausf\u00e4lle geltend machen Dann z\u00f6gern Sie nicht und vereinbaren Sie noch heute einen Termin mit der Kanzlei, um keine Zeit zu verlieren oder Fristen verstreichen zu lassen. &nbsp; zur\u00fcck<\/p>\n","protected":false},"author":3,"featured_media":0,"parent":0,"menu_order":0,"comment_status":"closed","ping_status":"closed","template":"","meta":[],"_links":{"self":[{"href":"https:\/\/ra-kanzlei-tillmann.de\/index.php?rest_route=\/wp\/v2\/pages\/129"}],"collection":[{"href":"https:\/\/ra-kanzlei-tillmann.de\/index.php?rest_route=\/wp\/v2\/pages"}],"about":[{"href":"https:\/\/ra-kanzlei-tillmann.de\/index.php?rest_route=\/wp\/v2\/types\/page"}],"author":[{"embeddable":true,"href":"https:\/\/ra-kanzlei-tillmann.de\/index.php?rest_route=\/wp\/v2\/users\/3"}],"replies":[{"embeddable":true,"href":"https:\/\/ra-kanzlei-tillmann.de\/index.php?rest_route=%2Fwp%2Fv2%2Fcomments&post=129"}],"version-history":[{"count":5,"href":"https:\/\/ra-kanzlei-tillmann.de\/index.php?rest_route=\/wp\/v2\/pages\/129\/revisions"}],"predecessor-version":[{"id":245,"href":"https:\/\/ra-kanzlei-tillmann.de\/index.php?rest_route=\/wp\/v2\/pages\/129\/revisions\/245"}],"wp:attachment":[{"href":"https:\/\/ra-kanzlei-tillmann.de\/index.php?rest_route=%2Fwp%2Fv2%2Fmedia&parent=129"}],"curies":[{"name":"wp","href":"https:\/\/api.w.org\/{rel}","templated":true}]}}