{"id":125,"date":"2017-08-15T17:38:27","date_gmt":"2017-08-15T17:38:27","guid":{"rendered":"http:\/\/ra-kanzlei-tillmann.de\/?page_id=125"},"modified":"2017-08-22T19:18:35","modified_gmt":"2017-08-22T19:18:35","slug":"allgemeines-vertragsrecht","status":"publish","type":"page","link":"https:\/\/ra-kanzlei-tillmann.de\/?page_id=125","title":{"rendered":"Allgemeines Vertragsrecht"},"content":{"rendered":"<p>Hierzu z\u00e4hlen vor allem das Kaufvertragsrecht und das Werkvertragsrecht<\/p>\n<ul>\n<li>Pr\u00fcfung der Vertr\u00e4ge auf Rechtsg\u00fcltigkeit<\/li>\n<li>Pr\u00fcfung und Durchsetzung der Gew\u00e4hrleistungsrechte<\/li>\n<li>Durchsetzung berechtigter \/ Abwehr unberechtigter Anspr\u00fcche<\/li>\n<\/ul>\n<p>Geltendmachung von Schadensersatzanspr\u00fcchen<\/p>\n<p><a href=\"http:\/\/ra-kanzlei-tillmann.de\/?page_id=63\">zur\u00fcck<\/a><\/p>\n","protected":false},"excerpt":{"rendered":"<p>Hierzu z\u00e4hlen vor allem das Kaufvertragsrecht und das Werkvertragsrecht Pr\u00fcfung der Vertr\u00e4ge auf Rechtsg\u00fcltigkeit Pr\u00fcfung und Durchsetzung der Gew\u00e4hrleistungsrechte Durchsetzung berechtigter \/ Abwehr unberechtigter Anspr\u00fcche Geltendmachung von Schadensersatzanspr\u00fcchen zur\u00fcck<\/p>\n","protected":false},"author":3,"featured_media":0,"parent":0,"menu_order":0,"comment_status":"closed","ping_status":"closed","template":"","meta":[],"_links":{"self":[{"href":"https:\/\/ra-kanzlei-tillmann.de\/index.php?rest_route=\/wp\/v2\/pages\/125"}],"collection":[{"href":"https:\/\/ra-kanzlei-tillmann.de\/index.php?rest_route=\/wp\/v2\/pages"}],"about":[{"href":"https:\/\/ra-kanzlei-tillmann.de\/index.php?rest_route=\/wp\/v2\/types\/page"}],"author":[{"embeddable":true,"href":"https:\/\/ra-kanzlei-tillmann.de\/index.php?rest_route=\/wp\/v2\/users\/3"}],"replies":[{"embeddable":true,"href":"https:\/\/ra-kanzlei-tillmann.de\/index.php?rest_route=%2Fwp%2Fv2%2Fcomments&post=125"}],"version-history":[{"count":6,"href":"https:\/\/ra-kanzlei-tillmann.de\/index.php?rest_route=\/wp\/v2\/pages\/125\/revisions"}],"predecessor-version":[{"id":242,"href":"https:\/\/ra-kanzlei-tillmann.de\/index.php?rest_route=\/wp\/v2\/pages\/125\/revisions\/242"}],"wp:attachment":[{"href":"https:\/\/ra-kanzlei-tillmann.de\/index.php?rest_route=%2Fwp%2Fv2%2Fmedia&parent=125"}],"curies":[{"name":"wp","href":"https:\/\/api.w.org\/{rel}","templated":true}]}}