{"id":106,"date":"2016-11-23T10:30:08","date_gmt":"2016-11-23T10:30:08","guid":{"rendered":"http:\/\/ra-kanzlei-tillmann.de\/?page_id=106"},"modified":"2017-08-19T10:23:43","modified_gmt":"2017-08-19T10:23:43","slug":"herzlich-willkommen","status":"publish","type":"page","link":"https:\/\/ra-kanzlei-tillmann.de\/","title":{"rendered":"Herzlich willkommen&#8230;"},"content":{"rendered":"<p>&#8230; auf der Hompage der Rechtsanw\u00e4ltin Anja Tillmann<\/p>\n<h3 style=\"text-align: center;\"><strong>MODERN \u2013 FLEXIBEL \u2013 KOMPETENT<\/strong><\/h3>\n<p>Die Kanzlei wurde im Jahre 2007 gegr\u00fcndet.<\/p>\n<p>In meiner Anwaltskanzlei stehen der Mandant und die L\u00f6sung des Einzelfalls im Mittelpunkt<\/p>\n<p>Gern nehme ich mir Zeit f\u00fcr meine Mandantschaft und biete Termine auch au\u00dferhalb der \u201e\u00fcblichen B\u00fcrozeiten\u201c an.<\/p>\n<p>Ich vertrete Ihre Interessen \u00fcberall, egal ob au\u00dfergerichtlich oder im Prozess.<\/p>\n","protected":false},"excerpt":{"rendered":"<p>&#8230; auf der Hompage der Rechtsanw\u00e4ltin Anja Tillmann MODERN \u2013 FLEXIBEL \u2013 KOMPETENT Die Kanzlei wurde im Jahre 2007 gegr\u00fcndet. In meiner Anwaltskanzlei stehen der Mandant und die L\u00f6sung des Einzelfalls im Mittelpunkt Gern nehme ich mir Zeit f\u00fcr meine Mandantschaft und biete Termine auch au\u00dferhalb der \u201e\u00fcblichen B\u00fcrozeiten\u201c an. Ich vertrete Ihre Interessen \u00fcberall, [&hellip;]<\/p>\n","protected":false},"author":1,"featured_media":0,"parent":0,"menu_order":0,"comment_status":"closed","ping_status":"closed","template":"","meta":[],"_links":{"self":[{"href":"https:\/\/ra-kanzlei-tillmann.de\/index.php?rest_route=\/wp\/v2\/pages\/106"}],"collection":[{"href":"https:\/\/ra-kanzlei-tillmann.de\/index.php?rest_route=\/wp\/v2\/pages"}],"about":[{"href":"https:\/\/ra-kanzlei-tillmann.de\/index.php?rest_route=\/wp\/v2\/types\/page"}],"author":[{"embeddable":true,"href":"https:\/\/ra-kanzlei-tillmann.de\/index.php?rest_route=\/wp\/v2\/users\/1"}],"replies":[{"embeddable":true,"href":"https:\/\/ra-kanzlei-tillmann.de\/index.php?rest_route=%2Fwp%2Fv2%2Fcomments&post=106"}],"version-history":[{"count":4,"href":"https:\/\/ra-kanzlei-tillmann.de\/index.php?rest_route=\/wp\/v2\/pages\/106\/revisions"}],"predecessor-version":[{"id":200,"href":"https:\/\/ra-kanzlei-tillmann.de\/index.php?rest_route=\/wp\/v2\/pages\/106\/revisions\/200"}],"wp:attachment":[{"href":"https:\/\/ra-kanzlei-tillmann.de\/index.php?rest_route=%2Fwp%2Fv2%2Fmedia&parent=106"}],"curies":[{"name":"wp","href":"https:\/\/api.w.org\/{rel}","templated":true}]}}